{"id":14,"date":"2023-11-13T10:01:59","date_gmt":"2023-11-13T09:01:59","guid":{"rendered":"https:\/\/www.purgruppen.se\/?page_id=14"},"modified":"2024-10-08T15:23:49","modified_gmt":"2024-10-08T13:23:49","slug":"startsida","status":"publish","type":"page","link":"https:\/\/www.purgruppen.se\/","title":{"rendered":"startsida"},"content":{"rendered":"<p>[et_pb_section fb_built=&#8221;1&#8243; admin_label=&#8221;Hero&#8221; _builder_version=&#8221;4.24.0&#8243; use_background_color_gradient=&#8221;on&#8221; background_color_gradient_stops=&#8221;rgba(255,255,255,0) 0%|#000000 75%&#8221; background_color_gradient_overlays_image=&#8221;on&#8221; background_color_gradient_start=&#8221;rgba(40,40,40,0.79)&#8221; background_color_gradient_end=&#8221;rgba(40,40,40,0.86)&#8221; background_image=&#8221;https:\/\/www.purgruppen.se\/wp-content\/uploads\/2023\/11\/1U6A0366-scaled.webp&#8221; parallax=&#8221;on&#8221; parallax_method=&#8221;off&#8221; custom_margin=&#8221;||||false&#8221; custom_padding=&#8221;4vw||4vw||true|false&#8221; background_last_edited=&#8221;on|phone&#8221; global_colors_info=&#8221;{}&#8221;][et_pb_row _builder_version=&#8221;4.16&#8243; global_colors_info=&#8221;{}&#8221;][et_pb_column type=&#8221;4_4&#8243; _builder_version=&#8221;4.16&#8243; custom_padding=&#8221;|||&#8221; global_colors_info=&#8221;{}&#8221; custom_padding__hover=&#8221;|||&#8221;][et_pb_divider color=&#8221;#EF7028&#8243; divider_position=&#8221;center&#8221; divider_weight=&#8221;5px&#8221; _builder_version=&#8221;4.23.1&#8243; max_width=&#8221;50px&#8221; module_alignment=&#8221;center&#8221; locked=&#8221;off&#8221; global_colors_info=&#8221;{}&#8221;][\/et_pb_divider][et_pb_text _builder_version=&#8221;4.23.1&#8243; text_font=&#8221;||||||||&#8221; header_font=&#8221;|700|||||||&#8221; header_font_size=&#8221;64px&#8221; header_line_height=&#8221;1.1em&#8221; text_orientation=&#8221;center&#8221; background_layout=&#8221;dark&#8221; max_width=&#8221;800px&#8221; module_alignment=&#8221;center&#8221; custom_margin=&#8221;||0px|&#8221; custom_padding=&#8221;|||16px&#8221; text_font_size_tablet=&#8221;14px&#8221; text_font_size_last_edited=&#8221;off|desktop&#8221; header_font_size_tablet=&#8221;44px&#8221; header_font_size_phone=&#8221;32px&#8221; header_font_size_last_edited=&#8221;on|phone&#8221; global_colors_info=&#8221;{}&#8221;]<\/p>\n<h1>PUR-gruppen<\/h1>\n<p>[\/et_pb_text][et_pb_text _builder_version=&#8221;4.24.0&#8243; text_font=&#8221;Lato||||||||&#8221; text_font_size=&#8221;22px&#8221; text_line_height=&#8221;1.6em&#8221; header_font=&#8221;||||||||&#8221; text_orientation=&#8221;center&#8221; background_layout=&#8221;dark&#8221; max_width=&#8221;800px&#8221; module_alignment=&#8221;center&#8221; custom_margin=&#8221;|||&#8221; custom_padding=&#8221;20px||20px||true&#8221; text_font_size_tablet=&#8221;18px&#8221; text_font_size_phone=&#8221;&#8221; text_font_size_last_edited=&#8221;on|phone&#8221; global_colors_info=&#8221;{}&#8221;]<\/p>\n<p>Ett aktivt forum f\u00f6r branschaktuell information.<\/p>\n<p>[\/et_pb_text][et_pb_icon font_icon=&#8221;&#x37;||divi||400&#8243; url=&#8221;https:\/\/www.purgruppen.se\/index.php\/startsida\/#omoss&#8221; _builder_version=&#8221;4.23.1&#8243; _module_preset=&#8221;default&#8221; global_colors_info=&#8221;{}&#8221;][\/et_pb_icon][\/et_pb_column][\/et_pb_row][\/et_pb_section][et_pb_section fb_built=&#8221;1&#8243; _builder_version=&#8221;4.23.1&#8243; _module_preset=&#8221;default&#8221; custom_padding=&#8221;||62px|||&#8221; global_colors_info=&#8221;{}&#8221;][et_pb_row column_structure=&#8221;1_2,1_2&#8243; make_equal=&#8221;on&#8221; module_id=&#8221;omoss&#8221; _builder_version=&#8221;4.23.1&#8243; _module_preset=&#8221;default&#8221; height_tablet=&#8221;760px&#8221; height_phone=&#8221;710px&#8221; height_last_edited=&#8221;on|phone&#8221; custom_margin=&#8221;0px||0px||false|false&#8221; custom_margin_tablet=&#8221;||0px||false|false&#8221; custom_margin_phone=&#8221;||0px||false|false&#8221; custom_margin_last_edited=&#8221;on|phone&#8221; custom_padding=&#8221;0px||||false|false&#8221; global_colors_info=&#8221;{}&#8221;][et_pb_column type=&#8221;1_2&#8243; _builder_version=&#8221;4.23.1&#8243; _module_preset=&#8221;default&#8221; custom_padding=&#8221;|0px||0px|false|false&#8221; custom_padding_tablet=&#8221;|0px||0px|false|true&#8221; custom_padding_phone=&#8221;|20px||20px|false|true&#8221; custom_padding_last_edited=&#8221;on|phone&#8221; global_colors_info=&#8221;{}&#8221;][et_pb_image src=&#8221;https:\/\/www.purgruppen.se\/wp-content\/uploads\/2023\/11\/1U6A0260-scaled.webp&#8221; title_text=&#8221;1U6A0260&#8243; force_fullwidth=&#8221;on&#8221; _builder_version=&#8221;4.23.1&#8243; _module_preset=&#8221;default&#8221; global_colors_info=&#8221;{}&#8221;][\/et_pb_image][\/et_pb_column][et_pb_column type=&#8221;1_2&#8243; _builder_version=&#8221;4.23.1&#8243; _module_preset=&#8221;default&#8221; custom_padding=&#8221;|0px||0px|false|false&#8221; custom_padding_tablet=&#8221;|0px||0px|false|true&#8221; custom_padding_phone=&#8221;|20px||20px|false|true&#8221; custom_padding_last_edited=&#8221;on|phone&#8221; global_colors_info=&#8221;{}&#8221;][et_pb_text _builder_version=&#8221;4.23.1&#8243; _module_preset=&#8221;default&#8221; text_font_size=&#8221;16px&#8221; text_line_height=&#8221;1.6em&#8221; header_2_font=&#8221;|800|||||||&#8221; header_2_text_color=&#8221;#6F7070&#8243; header_2_font_size=&#8221;39px&#8221; header_2_font_size_tablet=&#8221;39px&#8221; header_2_font_size_phone=&#8221;34px&#8221; header_2_font_size_last_edited=&#8221;on|phone&#8221; global_colors_info=&#8221;{}&#8221;]<\/p>\n<h2>Vad \u00e4r PUR-gruppen?<\/h2>\n<p>En stor del av de f\u00f6retag som jobbar med polyuretan i Sverige \u00e4r medlemmar i svenska PUR-Gruppen. Medlemskapet ger dem m\u00f6jlighet att tillsammans verka i viktiga fr\u00e5gor inom milj\u00f6 och s\u00e4kerhet. PUR-gruppen \u00e4r medlemmar i PU Europe och samarbetar med b\u00e5de norska och danska PUR-gruppen. Informationsutbyte sker kontinuerligt f\u00f6r att alltid h\u00e5lla sig uppdaterad om det senaste inom branschen. PUR-gruppen skapades f\u00f6r att verka i branschgemensamma fr\u00e5gor och lyfta f\u00f6rdelarna med polyuretan. Samtidigt som de ska ge medlemsf\u00f6retagen bra f\u00f6ruts\u00e4ttningar f\u00f6r att, p\u00e5 ett s\u00e4kert s\u00e4tt, arbeta med de kemikalier som ing\u00e5r i produktionsprocessen.<\/p>\n<p>[\/et_pb_text][\/et_pb_column][\/et_pb_row][\/et_pb_section][et_pb_section fb_built=&#8221;1&#8243; custom_padding_last_edited=&#8221;on|phone&#8221; _builder_version=&#8221;4.23.1&#8243; _module_preset=&#8221;default&#8221; background_color=&#8221;#ECECEC&#8221; custom_margin=&#8221;0px||||false|false&#8221; custom_margin_tablet=&#8221;0px||||false|false&#8221; custom_margin_phone=&#8221;50px||||false|false&#8221; custom_margin_last_edited=&#8221;on|desktop&#8221; custom_padding=&#8221;57px||62px|||&#8221; custom_padding_tablet=&#8221;47px||||false|false&#8221; custom_padding_phone=&#8221;40px||||false|false&#8221; global_colors_info=&#8221;{}&#8221;][et_pb_row column_structure=&#8221;1_2,1_2&#8243; use_custom_gutter=&#8221;on&#8221; make_equal=&#8221;on&#8221; _builder_version=&#8221;4.23.1&#8243; _module_preset=&#8221;default&#8221; height_tablet=&#8221;760px&#8221; height_phone=&#8221;710px&#8221; height_last_edited=&#8221;on|phone&#8221; custom_margin=&#8221;0px||0px||false|false&#8221; custom_margin_tablet=&#8221;||0px||false|false&#8221; custom_margin_phone=&#8221;||100px||false|false&#8221; custom_margin_last_edited=&#8221;on|phone&#8221; custom_padding=&#8221;0px||5px||false|false&#8221; global_colors_info=&#8221;{}&#8221;][et_pb_column type=&#8221;1_2&#8243; _builder_version=&#8221;4.23.1&#8243; _module_preset=&#8221;default&#8221; custom_padding=&#8221;|0px||0px|false|false&#8221; custom_padding_tablet=&#8221;|0px||0px|false|true&#8221; custom_padding_phone=&#8221;|20px||20px|false|true&#8221; custom_padding_last_edited=&#8221;on|tablet&#8221; global_colors_info=&#8221;{}&#8221;][et_pb_text _builder_version=&#8221;4.23.1&#8243; _module_preset=&#8221;default&#8221; text_font_size=&#8221;16px&#8221; text_line_height=&#8221;1.6em&#8221; header_2_font=&#8221;|800|||||||&#8221; header_2_text_color=&#8221;#6F7070&#8243; header_2_font_size=&#8221;39px&#8221; header_2_font_size_tablet=&#8221;39px&#8221; header_2_font_size_phone=&#8221;34px&#8221; header_2_font_size_last_edited=&#8221;on|phone&#8221; global_colors_info=&#8221;{}&#8221;]<\/p>\n<h2>Vad g\u00f6r vi?<\/h2>\n<p>PUR-gruppen arbetar f\u00f6r att gemensamt f\u00f6rb\u00e4ttra PUR-materialens f\u00f6ruts\u00e4ttningar p\u00e5 den svenska marknaden. PUR-gruppen \u00e4r en dynamisk m\u00f6tesplats f\u00f6r samverkan och en kraftfull part i dialogen med omv\u00e4rlden. Vi \u00e4r en given remissinstans i branschgemensamma fr\u00e5gor och vi \u00e4r medlemmar i PU Europe.<\/p>\n<p>Tillsammans med v\u00e5ra medlemmar marknadsf\u00f6r vi olika PUR-material p\u00e5 branschm\u00e4ssor och seminarier. PUR-gruppen ger m\u00f6jlighet till kunskapsutbyte mellan medlemsf\u00f6retagen. D\u00e4r ges m\u00f6jligheter till utveckling och marknadsf\u00f6ring. PUR-gruppen \u00e4r ett forum f\u00f6r branschaktuell information och erbjuder ett antal utbildningar\/utbildningsmaterial och f\u00f6rel\u00e4sningar.<\/p>\n<p>[\/et_pb_text][\/et_pb_column][et_pb_column type=&#8221;1_2&#8243; _builder_version=&#8221;4.23.1&#8243; _module_preset=&#8221;default&#8221; custom_padding=&#8221;|0px||0px|false|false&#8221; custom_padding_tablet=&#8221;|0px||0px|false|true&#8221; custom_padding_phone=&#8221;|20px||20px|false|true&#8221; custom_padding_last_edited=&#8221;on|tablet&#8221; global_colors_info=&#8221;{}&#8221;][et_pb_image src=&#8221;https:\/\/www.purgruppen.se\/wp-content\/uploads\/2023\/11\/Purgruppen-TessAstrom-27-jpg.webp&#8221; title_text=&#8221;Purgruppen-TessAstrom-27&#8243; force_fullwidth=&#8221;on&#8221; _builder_version=&#8221;4.23.1&#8243; _module_preset=&#8221;default&#8221; global_colors_info=&#8221;{}&#8221;][\/et_pb_image][\/et_pb_column][\/et_pb_row][\/et_pb_section]<\/p>\n","protected":false},"excerpt":{"rendered":"<p>PUR-gruppenEtt aktivt forum f\u00f6r branschaktuell information.Vad \u00e4r PUR-gruppen? En stor del av de f\u00f6retag som jobbar med polyuretan i Sverige \u00e4r medlemmar i svenska PUR-Gruppen. Medlemskapet ger dem m\u00f6jlighet att tillsammans verka i viktiga fr\u00e5gor inom milj\u00f6 och s\u00e4kerhet. PUR-gruppen \u00e4r medlemmar i PU Europe och samarbetar med b\u00e5de norska och danska PUR-gruppen. Informationsutbyte sker [&hellip;]<\/p>\n","protected":false},"author":4,"featured_media":0,"parent":0,"menu_order":0,"comment_status":"closed","ping_status":"closed","template":"","meta":{"_et_pb_use_builder":"on","_et_pb_old_content":"","_et_gb_content_width":"","footnotes":""},"class_list":["post-14","page","type-page","status-publish","hentry"],"_links":{"self":[{"href":"https:\/\/www.purgruppen.se\/index.php\/wp-json\/wp\/v2\/pages\/14","targetHints":{"allow":["GET"]}}],"collection":[{"href":"https:\/\/www.purgruppen.se\/index.php\/wp-json\/wp\/v2\/pages"}],"about":[{"href":"https:\/\/www.purgruppen.se\/index.php\/wp-json\/wp\/v2\/types\/page"}],"author":[{"embeddable":true,"href":"https:\/\/www.purgruppen.se\/index.php\/wp-json\/wp\/v2\/users\/4"}],"replies":[{"embeddable":true,"href":"https:\/\/www.purgruppen.se\/index.php\/wp-json\/wp\/v2\/comments?post=14"}],"version-history":[{"count":53,"href":"https:\/\/www.purgruppen.se\/index.php\/wp-json\/wp\/v2\/pages\/14\/revisions"}],"predecessor-version":[{"id":589,"href":"https:\/\/www.purgruppen.se\/index.php\/wp-json\/wp\/v2\/pages\/14\/revisions\/589"}],"wp:attachment":[{"href":"https:\/\/www.purgruppen.se\/index.php\/wp-json\/wp\/v2\/media?parent=14"}],"curies":[{"name":"wp","href":"https:\/\/api.w.org\/{rel}","templated":true}]}}