{"id":146,"date":"2023-11-23T08:46:42","date_gmt":"2023-11-23T07:46:42","guid":{"rendered":"https:\/\/www.purgruppen.se\/?page_id=146"},"modified":"2024-02-16T16:04:33","modified_gmt":"2024-02-16T15:04:33","slug":"kvalitet-sakerhet","status":"publish","type":"page","link":"https:\/\/www.purgruppen.se\/index.php\/kvalitet-sakerhet\/","title":{"rendered":"S\u00e4kerhet"},"content":{"rendered":"<p>[et_pb_section fb_built=&#8221;1&#8243; admin_label=&#8221;Hero&#8221; _builder_version=&#8221;4.24.0&#8243; use_background_color_gradient=&#8221;on&#8221; background_color_gradient_stops=&#8221;rgba(255,255,255,0) 0%|#000000 51%&#8221; background_color_gradient_overlays_image=&#8221;on&#8221; background_color_gradient_start=&#8221;rgba(40,40,40,0.79)&#8221; background_color_gradient_end=&#8221;rgba(40,40,40,0.86)&#8221; background_image=&#8221;https:\/\/www.purgruppen.se\/wp-content\/uploads\/2023\/11\/1U6A0300-scaled.webp&#8221; parallax=&#8221;on&#8221; parallax_method=&#8221;off&#8221; custom_margin=&#8221;||||false&#8221; custom_padding=&#8221;4vw||4vw||true|false&#8221; hover_enabled=&#8221;0&#8243; global_colors_info=&#8221;{}&#8221; sticky_enabled=&#8221;0&#8243;][et_pb_row _builder_version=&#8221;4.16&#8243; global_colors_info=&#8221;{}&#8221;][et_pb_column type=&#8221;4_4&#8243; _builder_version=&#8221;4.16&#8243; custom_padding=&#8221;|||&#8221; global_colors_info=&#8221;{}&#8221; custom_padding__hover=&#8221;|||&#8221;][et_pb_divider color=&#8221;#EF7028&#8243; divider_position=&#8221;center&#8221; divider_weight=&#8221;5px&#8221; _builder_version=&#8221;4.23.1&#8243; max_width=&#8221;50px&#8221; module_alignment=&#8221;center&#8221; locked=&#8221;off&#8221; global_colors_info=&#8221;{}&#8221;][\/et_pb_divider][et_pb_text _builder_version=&#8221;4.23.1&#8243; text_font=&#8221;||||||||&#8221; header_font=&#8221;|700|||||||&#8221; header_font_size=&#8221;64px&#8221; header_line_height=&#8221;1.1em&#8221; text_orientation=&#8221;center&#8221; background_layout=&#8221;dark&#8221; max_width=&#8221;800px&#8221; module_alignment=&#8221;center&#8221; custom_margin=&#8221;||0px|&#8221; custom_padding=&#8221;|||16px&#8221; text_font_size_tablet=&#8221;14px&#8221; text_font_size_last_edited=&#8221;off|desktop&#8221; header_font_size_tablet=&#8221;44px&#8221; header_font_size_phone=&#8221;32px&#8221; header_font_size_last_edited=&#8221;on|phone&#8221; global_colors_info=&#8221;{}&#8221;]<\/p>\n<h1>S\u00e4kerhet<\/h1>\n<p>[\/et_pb_text][et_pb_icon font_icon=&#8221;&#x37;||divi||400&#8243; url=&#8221;https:\/\/www.purgruppen.se\/index.php\/kvalitet-sakerhet\/#kvalitet&#8221; _builder_version=&#8221;4.24.0&#8243; _module_preset=&#8221;default&#8221; global_colors_info=&#8221;{}&#8221;][\/et_pb_icon][\/et_pb_column][\/et_pb_row][\/et_pb_section][et_pb_section fb_built=&#8221;1&#8243; _builder_version=&#8221;4.23.1&#8243; _module_preset=&#8221;default&#8221; background_color=&#8221;#ECECEC&#8221; global_colors_info=&#8221;{}&#8221;][et_pb_row column_structure=&#8221;1_2,1_2&#8243; _builder_version=&#8221;4.23.1&#8243; _module_preset=&#8221;default&#8221; global_colors_info=&#8221;{}&#8221;][et_pb_column type=&#8221;1_2&#8243; _builder_version=&#8221;4.23.1&#8243; _module_preset=&#8221;default&#8221; global_colors_info=&#8221;{}&#8221;][et_pb_text content_tablet=&#8221;<\/p>\n<h2>S\u00e4ker kemikaliehantering<\/h2>\n<p class=%22p1%22>Utbildning kr\u00e4vs f\u00f6r alla som arbetar med eller leder arbete d\u00e4r isocyanater (diisocyanater) anv\u00e4nds. Det finns krav p\u00e5 utbildning enligt tv\u00e5 lagstiftningar, enligt REACH-f\u00f6rordningen och enligt Kemiska Arbetsmilj\u00f6risker (AFS 2011:19).<\/p>\n<p class=%22p1%22>PUR-gruppen<span class=%22Apple-converted-space%22> <\/span>\u00f6vervakar regelverket kring arbetsmilj\u00f6n.<\/p>\n<p class=%22p1%22>Om flertalet medlemsf\u00f6retag har behov av att utreda samma s\u00e4kerhetsfr\u00e5gor kan s\u00e4rskilda arbetsgrupper skapas med hj\u00e4lp av PUR-gruppen.<\/p>\n<\/p>\n<p>&#8221; content_phone=&#8221;<\/p>\n<h2>S\u00e4ker kemikaliehantering<\/h2>\n<p class=%22p1%22>Utbildning kr\u00e4vs f\u00f6r alla som arbetar med eller leder arbete d\u00e4r isocyanater (diisocyanater) anv\u00e4nds. Det finns krav p\u00e5 utbildning enligt tv\u00e5 lagstiftningar, enligt REACH-f\u00f6rordningen och enligt Kemiska Arbetsmilj\u00f6risker (AFS 2011:19).<\/p>\n<p class=%22p1%22>PUR-gruppen<span class=%22Apple-converted-space%22> <\/span>\u00f6vervakar regelverket kring arbetsmilj\u00f6n.<\/p>\n<p class=%22p1%22>Om flertalet medlemsf\u00f6retag har behov av att utreda samma s\u00e4kerhetsfr\u00e5gor kan s\u00e4rskilda arbetsgrupper skapas med hj\u00e4lp av PUR-gruppen.<\/p>\n<\/p>\n<p>&#8221; content_last_edited=&#8221;on|tablet&#8221; _builder_version=&#8221;4.23.1&#8243; _module_preset=&#8221;default&#8221; text_font_size=&#8221;16px&#8221; text_line_height=&#8221;1.6em&#8221; header_2_font=&#8221;|800|||||||&#8221; header_2_text_color=&#8221;#6F7070&#8243; header_2_font_size=&#8221;38px&#8221; header_2_font_size_tablet=&#8221;38px&#8221; header_2_font_size_phone=&#8221;28px&#8221; header_2_font_size_last_edited=&#8221;on|phone&#8221; global_colors_info=&#8221;{}&#8221;]<\/p>\n<h2>S\u00e4ker kemikaliehantering<\/h2>\n<p class=\"p1\">Utbildning kr\u00e4vs f\u00f6r alla som arbetar med eller leder arbete d\u00e4r isocyanater (diisocyanater) anv\u00e4nds. Det finns krav p\u00e5 utbildning enligt tv\u00e5 lagstiftningar, enligt REACH-f\u00f6rordningen och enligt Kemiska Arbetsmilj\u00f6risker (AFS 2011:19).<\/p>\n<p class=\"p1\">PUR-gruppen<span class=\"Apple-converted-space\"> <\/span>\u00f6vervakar regelverket kring arbetsmilj\u00f6n.<\/p>\n<p class=\"p1\">Om flertalet medlemsf\u00f6retag har behov av att utreda samma s\u00e4kerhetsfr\u00e5gor kan s\u00e4rskilda arbetsgrupper skapas med hj\u00e4lp av PUR-gruppen.<\/p>\n<p>&nbsp;<\/p>\n<p>[\/et_pb_text][\/et_pb_column][et_pb_column type=&#8221;1_2&#8243; _builder_version=&#8221;4.23.1&#8243; _module_preset=&#8221;default&#8221; global_colors_info=&#8221;{}&#8221;][et_pb_image src=&#8221;https:\/\/www.purgruppen.se\/wp-content\/uploads\/2023\/11\/purgruppen-kvalitet-sakerhet-jpg.webp&#8221; title_text=&#8221;purgruppen-kvalitet-sakerhet&#8221; force_fullwidth=&#8221;on&#8221; _builder_version=&#8221;4.23.1&#8243; _module_preset=&#8221;default&#8221; global_colors_info=&#8221;{}&#8221;][\/et_pb_image][\/et_pb_column][\/et_pb_row][\/et_pb_section][et_pb_section fb_built=&#8221;1&#8243; _builder_version=&#8221;4.23.1&#8243; _module_preset=&#8221;default&#8221; background_color=&#8221;#3E9FCD&#8221; background_enable_mask_style=&#8221;on&#8221; background_mask_style=&#8221;triangles&#8221; background_mask_color=&#8221;#FFFFFF&#8221; background_mask_transform=&#8221;flip_vertical|flip_horizontal&#8221; background_mask_size=&#8221;cover&#8221; background_mask_position=&#8221;center_left&#8221; background_mask_horizontal_offset=&#8221;71%&#8221; global_colors_info=&#8221;{}&#8221;][et_pb_row column_structure=&#8221;1_2,1_2&#8243; _builder_version=&#8221;4.23.1&#8243; _module_preset=&#8221;default&#8221; background_color=&#8221;rgba(255,255,255,0.85)&#8221; custom_padding=&#8221;10px|10px|10px|10px|true|true&#8221; global_colors_info=&#8221;{}&#8221;][et_pb_column type=&#8221;1_2&#8243; _builder_version=&#8221;4.23.1&#8243; _module_preset=&#8221;default&#8221; global_colors_info=&#8221;{}&#8221;][et_pb_text _builder_version=&#8221;4.23.1&#8243; _module_preset=&#8221;default&#8221; text_font_size=&#8221;16px&#8221; text_line_height=&#8221;1.6em&#8221; header_2_font=&#8221;|800|||||||&#8221; header_2_text_color=&#8221;#6F7070&#8243; header_2_font_size=&#8221;39px&#8221; header_3_font=&#8221;|700||on|||||&#8221; header_3_text_color=&#8221;#3E9FCD&#8221; header_3_letter_spacing=&#8221;1px&#8221; header_3_line_height=&#8221;1.3em&#8221; header_2_font_size_tablet=&#8221;39px&#8221; header_2_font_size_phone=&#8221;34px&#8221; header_2_font_size_last_edited=&#8221;on|phone&#8221; global_colors_info=&#8221;{}&#8221;]<\/p>\n<h3>Tips p\u00e5 mer information<\/h3>\n<p>H\u00e4r hittar du l\u00e4nkar till flera lagar och f\u00f6rordningar du beh\u00f6ver k\u00e4nna till vid arbete med isocyanater.<\/p>\n<p>[\/et_pb_text][\/et_pb_column][et_pb_column type=&#8221;1_2&#8243; _builder_version=&#8221;4.23.1&#8243; _module_preset=&#8221;default&#8221; global_colors_info=&#8221;{}&#8221;][et_pb_text _builder_version=&#8221;4.23.1&#8243; _module_preset=&#8221;default&#8221; text_font_size=&#8221;16px&#8221; text_line_height=&#8221;1.6em&#8221; header_2_font=&#8221;|800|||||||&#8221; header_2_text_color=&#8221;#6F7070&#8243; header_2_font_size=&#8221;39px&#8221; header_3_font=&#8221;|700||on|||||&#8221; header_3_text_color=&#8221;#3E9FCD&#8221; header_3_letter_spacing=&#8221;1px&#8221; header_3_line_height=&#8221;1.3em&#8221; header_2_font_size_tablet=&#8221;39px&#8221; header_2_font_size_phone=&#8221;34px&#8221; header_2_font_size_last_edited=&#8221;on|phone&#8221; global_colors_info=&#8221;{}&#8221;]<\/p>\n<p>Regler om isocyanater finns i <a href=\"https:\/\/echa.europa.eu\/sv\/regulations\/reach\/legislation\" target=\"_blank\" rel=\"noopener\">REACH-f\u00f6rordningen<\/a>, <a href=\"https:\/\/www.av.se\/globalassets\/filer\/publikationer\/foreskrifter\/andringsforeskrift\/afs-2022-1.pdf\" target=\"_blank\" rel=\"noopener\">AFS 2022:1<\/a> och <a href=\"https:\/\/www.av.se\/globalassets\/filer\/publikationer\/foreskrifter\/kemiska-arbetsmiljorisker-foreskrifter-afs2011-19.pdf\" target=\"_blank\" rel=\"noopener\">AFS 2011:19<\/a> Kemiska arbetsmilj\u00f6risker.<\/p>\n<p>Krav p\u00e5 l\u00e4karunders\u00f6kning finns i <a href=\"https:\/\/www.av.se\/globalassets\/filer\/publikationer\/foreskrifter\/kemiska-arbetsmiljorisker-foreskrifter-afs2011-19.pdf\" target=\"_blank\" rel=\"noopener\">AFS 2011:19<\/a> Kemiska arbetsmilj\u00f6risker, \u00a7 37g och i <a href=\"https:\/\/www.av.se\/globalassets\/filer\/publikationer\/foreskrifter\/medicinska-kontroller-i-arbetslivet-afs-2019-3.pdf\" target=\"_blank\" rel=\"noopener\">AFS 2019:3<\/a> Medicinska kontroller i arbetslivet.<\/p>\n<p>Regler om m\u00e4tning av luftf\u00f6roreningar f\u00f6r riskbed\u00f6mning finns i <a href=\"https:\/\/www.av.se\/globalassets\/filer\/publikationer\/foreskrifter\/kemiska-arbetsmiljorisker-foreskrifter-afs2011-19.pdf\" target=\"_blank\" rel=\"noopener\">AFS 2011:19<\/a> Kemiska arbetsmilj\u00f6risker, \u00a7 9.<\/p>\n<p>G\u00e4llande gr\u00e4nsv\u00e4rden finns i <a href=\"https:\/\/www.av.se\/globalassets\/filer\/publikationer\/foreskrifter\/hygieniska-gransvarden-afs-2018-1.pdf\" target=\"_blank\" rel=\"noopener\">AFS 2018:1<\/a> Hygieniska gr\u00e4nsv\u00e4rden.<\/p>\n<p>[\/et_pb_text][\/et_pb_column][\/et_pb_row][\/et_pb_section]<\/p>\n","protected":false},"excerpt":{"rendered":"<p>S\u00e4kerhetS\u00e4ker kemikaliehantering Utbildning kr\u00e4vs f\u00f6r alla som arbetar med eller leder arbete d\u00e4r isocyanater (diisocyanater) anv\u00e4nds. Det finns krav p\u00e5 utbildning enligt tv\u00e5 lagstiftningar, enligt REACH-f\u00f6rordningen och enligt Kemiska Arbetsmilj\u00f6risker (AFS 2011:19). PUR-gruppen \u00f6vervakar regelverket kring arbetsmilj\u00f6n. Om flertalet medlemsf\u00f6retag har behov av att utreda samma s\u00e4kerhetsfr\u00e5gor kan s\u00e4rskilda arbetsgrupper skapas med hj\u00e4lp av PUR-gruppen. [&hellip;]<\/p>\n","protected":false},"author":4,"featured_media":0,"parent":0,"menu_order":0,"comment_status":"closed","ping_status":"closed","template":"","meta":{"_et_pb_use_builder":"on","_et_pb_old_content":"","_et_gb_content_width":"","footnotes":""},"class_list":["post-146","page","type-page","status-publish","hentry"],"_links":{"self":[{"href":"https:\/\/www.purgruppen.se\/index.php\/wp-json\/wp\/v2\/pages\/146","targetHints":{"allow":["GET"]}}],"collection":[{"href":"https:\/\/www.purgruppen.se\/index.php\/wp-json\/wp\/v2\/pages"}],"about":[{"href":"https:\/\/www.purgruppen.se\/index.php\/wp-json\/wp\/v2\/types\/page"}],"author":[{"embeddable":true,"href":"https:\/\/www.purgruppen.se\/index.php\/wp-json\/wp\/v2\/users\/4"}],"replies":[{"embeddable":true,"href":"https:\/\/www.purgruppen.se\/index.php\/wp-json\/wp\/v2\/comments?post=146"}],"version-history":[{"count":32,"href":"https:\/\/www.purgruppen.se\/index.php\/wp-json\/wp\/v2\/pages\/146\/revisions"}],"predecessor-version":[{"id":496,"href":"https:\/\/www.purgruppen.se\/index.php\/wp-json\/wp\/v2\/pages\/146\/revisions\/496"}],"wp:attachment":[{"href":"https:\/\/www.purgruppen.se\/index.php\/wp-json\/wp\/v2\/media?parent=146"}],"curies":[{"name":"wp","href":"https:\/\/api.w.org\/{rel}","templated":true}]}}