{"id":180,"date":"2023-11-23T09:45:24","date_gmt":"2023-11-23T08:45:24","guid":{"rendered":"https:\/\/www.purgruppen.se\/?page_id=180"},"modified":"2024-02-16T16:04:20","modified_gmt":"2024-02-16T15:04:20","slug":"polyuretan","status":"publish","type":"page","link":"https:\/\/www.purgruppen.se\/index.php\/polyuretan\/","title":{"rendered":"Polyuretan"},"content":{"rendered":"<p>[et_pb_section fb_built=&#8221;1&#8243; admin_label=&#8221;Hero&#8221; _builder_version=&#8221;4.24.0&#8243; use_background_color_gradient=&#8221;on&#8221; background_color_gradient_stops=&#8221;rgba(255,255,255,0) 1%|#000000 64%&#8221; background_color_gradient_overlays_image=&#8221;on&#8221; background_color_gradient_start=&#8221;rgba(40,40,40,0.79)&#8221; background_color_gradient_end=&#8221;rgba(40,40,40,0.86)&#8221; background_image=&#8221;https:\/\/www.purgruppen.se\/wp-content\/uploads\/2023\/11\/1U6A0331-scaled.webp&#8221; parallax=&#8221;on&#8221; parallax_method=&#8221;off&#8221; custom_margin=&#8221;||||false&#8221; custom_padding=&#8221;4vw||4vw||true|false&#8221; hover_enabled=&#8221;0&#8243; background_last_edited=&#8221;on|desktop&#8221; global_colors_info=&#8221;{}&#8221; sticky_enabled=&#8221;0&#8243;][et_pb_row _builder_version=&#8221;4.16&#8243; global_colors_info=&#8221;{}&#8221;][et_pb_column type=&#8221;4_4&#8243; _builder_version=&#8221;4.16&#8243; custom_padding=&#8221;|||&#8221; global_colors_info=&#8221;{}&#8221; custom_padding__hover=&#8221;|||&#8221;][et_pb_divider color=&#8221;#EF7028&#8243; divider_position=&#8221;center&#8221; divider_weight=&#8221;5px&#8221; _builder_version=&#8221;4.23.1&#8243; max_width=&#8221;50px&#8221; module_alignment=&#8221;center&#8221; locked=&#8221;off&#8221; global_colors_info=&#8221;{}&#8221;][\/et_pb_divider][et_pb_text _builder_version=&#8221;4.23.1&#8243; text_font=&#8221;|700|||||||&#8221; header_font=&#8221;|700|||||||&#8221; header_font_size=&#8221;64px&#8221; header_line_height=&#8221;1.1em&#8221; text_orientation=&#8221;center&#8221; background_layout=&#8221;dark&#8221; max_width=&#8221;800px&#8221; module_alignment=&#8221;center&#8221; custom_margin=&#8221;||0px|&#8221; custom_padding=&#8221;|||16px&#8221; text_font_size_tablet=&#8221;14px&#8221; text_font_size_last_edited=&#8221;off|desktop&#8221; header_font_size_tablet=&#8221;44px&#8221; header_font_size_phone=&#8221;32px&#8221; header_font_size_last_edited=&#8221;on|phone&#8221; global_colors_info=&#8221;{}&#8221;]<\/p>\n<h1>Vad \u00e4r polyuretan?<\/h1>\n<p>Polyuretan (PUR eller PU) \u00e4r ett flexibelt material med egenskaper som g\u00f6r det l\u00e4mpligt att anv\u00e4nda n\u00e4stan \u00f6verallt. Vi anv\u00e4nder alla polyuretan i det dagliga livet och utan PUR skulle v\u00e5ra liv se helt annorlunda ut. PUR finns med st\u00f6rsta sannolikhet i stolen du sitter p\u00e5, i s\u00e4ngen du sover i och i kylsk\u00e5pet d\u00e4r du f\u00f6rvarar din mat. PUR finns ocks\u00e5 i huset d\u00e4r du bor, i bilen du k\u00f6r, i skorna du har p\u00e5 dig och i skidorna du anv\u00e4nder p\u00e5 din semester. Listan kan g\u00f6ras l\u00e5ng. <\/p>\n<p>D\u00e4rf\u00f6r finns PUR-Gruppen.<\/p>\n<p>[\/et_pb_text][et_pb_icon font_icon=&#8221;&#x37;||divi||400&#8243; url=&#8221;https:\/\/www.purgruppen.se\/index.php\/polyuretan\/#polyuretan&#8221; _builder_version=&#8221;4.23.1&#8243; _module_preset=&#8221;default&#8221; global_colors_info=&#8221;{}&#8221;][\/et_pb_icon][\/et_pb_column][\/et_pb_row][\/et_pb_section][et_pb_section fb_built=&#8221;1&#8243; _builder_version=&#8221;4.23.1&#8243; _module_preset=&#8221;default&#8221; global_colors_info=&#8221;{}&#8221;][et_pb_row column_structure=&#8221;1_3,1_3,1_3&#8243; module_id=&#8221;polyuretan&#8221; _builder_version=&#8221;4.23.1&#8243; _module_preset=&#8221;default&#8221; global_colors_info=&#8221;{}&#8221;][et_pb_column type=&#8221;1_3&#8243; _builder_version=&#8221;4.23.1&#8243; _module_preset=&#8221;default&#8221; global_colors_info=&#8221;{}&#8221;][et_pb_flipbox title=&#8221;SKUM&#8221; use_icon=&#8221;on&#8221; font_icon=&#8221;&#x37;||divi||400&#8243; icon_color=&#8221;#3E9FCD&#8221; content_back=&#8221;<\/p>\n<p>Flexibelt, styvt eller halvstyvt material med \u00f6ppna celler, alternativt med skinn. Skummad polyuretan anv\u00e4nds ofta f\u00f6r isolering men ocks\u00e5 som stoppning i m\u00f6bler, textilier eller fordonsinredning.<\/p>\n<p>&#8221; button_url_new_window=&#8221;1&#8243; back_color=&#8221;#3E9FCD&#8221; image_alignment=&#8221;center&#8221; front_vertical_align=&#8221;bottom&#8221; front_content_padding=&#8221;||20px||false|false&#8221; back_content_padding=&#8221;|10px||10px|false|true&#8221; _builder_version=&#8221;4.23.1&#8243; _module_preset=&#8221;default&#8221; header_front_font=&#8221;|700|||||||&#8221; header_front_text_color=&#8221;#FFFFFF&#8221; header_front_letter_spacing=&#8221;2px&#8221; body_back_font=&#8221;|700|||||||&#8221; body_back_text_color=&#8221;#FFFFFF&#8221; body_back_font_size=&#8221;14px&#8221; body_back_line_height=&#8221;1.3em&#8221; background_enable_color=&#8221;off&#8221; background_image=&#8221;https:\/\/www.purgruppen.se\/wp-content\/uploads\/2023\/11\/purgruppen-skum-1-jpg.webp&#8221; global_colors_info=&#8221;{}&#8221;][\/et_pb_flipbox][\/et_pb_column][et_pb_column type=&#8221;1_3&#8243; _builder_version=&#8221;4.23.1&#8243; _module_preset=&#8221;default&#8221; global_colors_info=&#8221;{}&#8221;][et_pb_flipbox title=&#8221;KOMPAKT&#8221; use_icon=&#8221;on&#8221; font_icon=&#8221;&#x37;||divi||400&#8243; icon_color=&#8221;#3E9FCD&#8221; content_back=&#8221;<\/p>\n<p>Flexibla eller styva kompakta polyuretaner \u00e4r ett flexibelt konstruktionsmaterial som kan anpassas f\u00f6r de flesta omr\u00e5den. Kompakta material anv\u00e4nds f\u00f6r industriella applikationer men ocks\u00e5 vid framst\u00e4llning av exempelvis m\u00f6bler.<\/p>\n<p>&#8221; button_url_new_window=&#8221;1&#8243; back_color=&#8221;#3E9FCD&#8221; image_alignment=&#8221;center&#8221; front_vertical_align=&#8221;bottom&#8221; front_content_padding=&#8221;||20px||false|false&#8221; back_content_padding=&#8221;|10px||10px|false|true&#8221; _builder_version=&#8221;4.23.1&#8243; _module_preset=&#8221;default&#8221; header_front_font=&#8221;|700|||||||&#8221; header_front_text_color=&#8221;#FFFFFF&#8221; header_front_letter_spacing=&#8221;2px&#8221; body_back_font=&#8221;|700|||||||&#8221; body_back_text_color=&#8221;#FFFFFF&#8221; body_back_font_size=&#8221;14px&#8221; body_back_line_height=&#8221;1.3em&#8221; background_enable_color=&#8221;off&#8221; background_image=&#8221;https:\/\/www.purgruppen.se\/wp-content\/uploads\/2023\/11\/purgruppen-kompakt-jpg.webp&#8221; global_colors_info=&#8221;{}&#8221;][\/et_pb_flipbox][\/et_pb_column][et_pb_column type=&#8221;1_3&#8243; _builder_version=&#8221;4.23.1&#8243; _module_preset=&#8221;default&#8221; global_colors_info=&#8221;{}&#8221;][et_pb_flipbox title=&#8221;TPU&#8221; use_icon=&#8221;on&#8221; font_icon=&#8221;&#x37;||divi||400&#8243; icon_color=&#8221;#3E9FCD&#8221; content_back=&#8221;<\/p>\n<p>TPU \u2013 Termoplastisk Polyuretan \u2013 \u00e4r ett elastiskt, extremt h\u00e5llbart material som l\u00e4mpar sig utm\u00e4rkt f\u00f6r detaljer till fordon, motordrivna verktyg, sportartiklar och medicinsk utrustning. En v\u00e4lk\u00e4nd applikation \u00e4r ocks\u00e5 skal till l\u00e4splattor och mobiltelefoner.<\/p>\n<p>&#8221; button_url_new_window=&#8221;1&#8243; back_color=&#8221;#3E9FCD&#8221; image_alignment=&#8221;center&#8221; front_vertical_align=&#8221;bottom&#8221; front_content_padding=&#8221;||20px||false|false&#8221; back_content_padding=&#8221;|10px||10px|false|true&#8221; _builder_version=&#8221;4.23.1&#8243; _module_preset=&#8221;default&#8221; header_front_font=&#8221;|700|||||||&#8221; header_front_text_color=&#8221;#FFFFFF&#8221; header_front_letter_spacing=&#8221;2px&#8221; body_back_font=&#8221;|700|||||||&#8221; body_back_text_color=&#8221;#FFFFFF&#8221; body_back_font_size=&#8221;14px&#8221; body_back_line_height=&#8221;1.3em&#8221; background_enable_color=&#8221;off&#8221; background_image=&#8221;https:\/\/www.purgruppen.se\/wp-content\/uploads\/2023\/11\/purgruppen-TPU-jpg.webp&#8221; global_colors_info=&#8221;{}&#8221;][\/et_pb_flipbox][\/et_pb_column][\/et_pb_row][\/et_pb_section][et_pb_section fb_built=&#8221;1&#8243; _builder_version=&#8221;4.23.1&#8243; _module_preset=&#8221;default&#8221; background_color=&#8221;#ECECEC&#8221; global_colors_info=&#8221;{}&#8221;][et_pb_row column_structure=&#8221;1_2,1_2&#8243; _builder_version=&#8221;4.23.1&#8243; _module_preset=&#8221;default&#8221; global_colors_info=&#8221;{}&#8221;][et_pb_column type=&#8221;1_2&#8243; _builder_version=&#8221;4.23.1&#8243; _module_preset=&#8221;default&#8221; global_colors_info=&#8221;{}&#8221;][et_pb_text _builder_version=&#8221;4.23.1&#8243; _module_preset=&#8221;default&#8221; text_font_size=&#8221;16px&#8221; text_line_height=&#8221;1.6em&#8221; header_2_font=&#8221;|800|||||||&#8221; header_2_text_color=&#8221;#6F7070&#8243; header_2_font_size=&#8221;39px&#8221; header_3_font=&#8221;|700||on|||||&#8221; header_3_text_color=&#8221;#EF7028&#8243; header_3_letter_spacing=&#8221;2px&#8221; header_3_line_height=&#8221;1.3em&#8221; header_2_font_size_tablet=&#8221;39px&#8221; header_2_font_size_phone=&#8221;34px&#8221; header_2_font_size_last_edited=&#8221;on|phone&#8221; global_colors_info=&#8221;{}&#8221;]<\/p>\n<h2>Struktur &amp; produktion<\/h2>\n<p class=\"p1\">Polyuretaner \u00e4r en grupp av polymerer. De flesta polyuretaner best\u00e5r av en A-komponent (polyol(er) och andra r\u00e5varor) och B-komponent (isocyanaten). Beroende p\u00e5 vilka r\u00e5varor i A-komponenten som anv\u00e4nds och hur blandningsf\u00f6rh\u00e5llandet varieras, skapas polyuretaner med de egenskaper som \u00f6nskas.<\/p>\n<p class=\"p1\">Olika kombinationer m\u00f6jligg\u00f6r skr\u00e4ddarsydd tillverkning av flertalet produkttyper s\u00e5som skum, integralmaterial, elastomerer, lim, f\u00e4rg, ytbel\u00e4ggningar och t\u00e4tningsmaterial. Polyuretaner ses enklast som kedjor av tredimensionella strukturer best\u00e5ende av monomerer, dvs korta repeterade enheter.<\/p>\n<h2><\/h2>\n<h2>Olika egenskaper<\/h2>\n<p class=\"p1\">Polyuretan \u00e4r ett av v\u00e5ra mest flexibla material. Genom olika r\u00e5varor som kan tills\u00e4ttas s\u00e5 som fibrer och pigment samt andra fyllmedel kan egenskaperna varieras n\u00e4stan obegr\u00e4nsat. Genom skillnader i blandning och tillverkningsteknik anpassas egenskaperna efter \u00f6nskad anv\u00e4ndning.<\/p>\n<p>[\/et_pb_text][\/et_pb_column][et_pb_column type=&#8221;1_2&#8243; _builder_version=&#8221;4.23.1&#8243; _module_preset=&#8221;default&#8221; global_colors_info=&#8221;{}&#8221;][et_pb_image src=&#8221;https:\/\/www.purgruppen.se\/wp-content\/uploads\/2023\/11\/Purgruppen-TessAstrom-38_2-jpg.webp&#8221; title_text=&#8221;Purgruppen-TessAstrom-38_2&#8243; _builder_version=&#8221;4.23.1&#8243; _module_preset=&#8221;default&#8221; custom_padding=&#8221;||0px|||&#8221; global_colors_info=&#8221;{}&#8221;][\/et_pb_image][\/et_pb_column][\/et_pb_row][\/et_pb_section]<\/p>\n","protected":false},"excerpt":{"rendered":"<p>Vad \u00e4r polyuretan? Polyuretan (PUR eller PU) \u00e4r ett flexibelt material med egenskaper som g\u00f6r det l\u00e4mpligt att anv\u00e4nda n\u00e4stan \u00f6verallt. Vi anv\u00e4nder alla polyuretan i det dagliga livet och utan PUR skulle v\u00e5ra liv se helt annorlunda ut. PUR finns med st\u00f6rsta sannolikhet i stolen du sitter p\u00e5, i s\u00e4ngen du sover i och [&hellip;]<\/p>\n","protected":false},"author":4,"featured_media":0,"parent":0,"menu_order":0,"comment_status":"closed","ping_status":"closed","template":"","meta":{"_et_pb_use_builder":"on","_et_pb_old_content":"","_et_gb_content_width":"","footnotes":""},"class_list":["post-180","page","type-page","status-publish","hentry"],"_links":{"self":[{"href":"https:\/\/www.purgruppen.se\/index.php\/wp-json\/wp\/v2\/pages\/180","targetHints":{"allow":["GET"]}}],"collection":[{"href":"https:\/\/www.purgruppen.se\/index.php\/wp-json\/wp\/v2\/pages"}],"about":[{"href":"https:\/\/www.purgruppen.se\/index.php\/wp-json\/wp\/v2\/types\/page"}],"author":[{"embeddable":true,"href":"https:\/\/www.purgruppen.se\/index.php\/wp-json\/wp\/v2\/users\/4"}],"replies":[{"embeddable":true,"href":"https:\/\/www.purgruppen.se\/index.php\/wp-json\/wp\/v2\/comments?post=180"}],"version-history":[{"count":24,"href":"https:\/\/www.purgruppen.se\/index.php\/wp-json\/wp\/v2\/pages\/180\/revisions"}],"predecessor-version":[{"id":497,"href":"https:\/\/www.purgruppen.se\/index.php\/wp-json\/wp\/v2\/pages\/180\/revisions\/497"}],"wp:attachment":[{"href":"https:\/\/www.purgruppen.se\/index.php\/wp-json\/wp\/v2\/media?parent=180"}],"curies":[{"name":"wp","href":"https:\/\/api.w.org\/{rel}","templated":true}]}}