{"id":212,"date":"2023-11-23T13:25:29","date_gmt":"2023-11-23T12:25:29","guid":{"rendered":"https:\/\/www.purgruppen.se\/?page_id=212"},"modified":"2024-02-16T16:04:10","modified_gmt":"2024-02-16T15:04:10","slug":"miljo","status":"publish","type":"page","link":"https:\/\/www.purgruppen.se\/index.php\/miljo\/","title":{"rendered":"Milj\u00f6"},"content":{"rendered":"<p>[et_pb_section fb_built=&#8221;1&#8243; admin_label=&#8221;Hero&#8221; _builder_version=&#8221;4.23.1&#8243; use_background_color_gradient=&#8221;on&#8221; background_color_gradient_stops=&#8221;rgba(255,255,255,0) 0%|#000000 60%&#8221; background_color_gradient_overlays_image=&#8221;on&#8221; background_color_gradient_start=&#8221;rgba(40,40,40,0.79)&#8221; background_color_gradient_end=&#8221;rgba(40,40,40,0.86)&#8221; background_image=&#8221;https:\/\/www.purgruppen.se\/wp-content\/uploads\/2023\/11\/purgruppen-miljo.jpg&#8221; parallax=&#8221;on&#8221; parallax_method=&#8221;off&#8221; custom_margin=&#8221;||||false&#8221; custom_padding=&#8221;4vw||4vw||true|false&#8221; global_colors_info=&#8221;{}&#8221;][et_pb_row _builder_version=&#8221;4.16&#8243; global_colors_info=&#8221;{}&#8221;][et_pb_column type=&#8221;4_4&#8243; _builder_version=&#8221;4.16&#8243; custom_padding=&#8221;|||&#8221; global_colors_info=&#8221;{}&#8221; custom_padding__hover=&#8221;|||&#8221;][et_pb_divider color=&#8221;#EF7028&#8243; divider_position=&#8221;center&#8221; divider_weight=&#8221;5px&#8221; _builder_version=&#8221;4.23.1&#8243; max_width=&#8221;50px&#8221; module_alignment=&#8221;center&#8221; locked=&#8221;off&#8221; global_colors_info=&#8221;{}&#8221;][\/et_pb_divider][et_pb_text _builder_version=&#8221;4.23.1&#8243; text_font=&#8221;||||||||&#8221; header_font=&#8221;|700|||||||&#8221; header_font_size=&#8221;64px&#8221; header_line_height=&#8221;1.1em&#8221; text_orientation=&#8221;center&#8221; background_layout=&#8221;dark&#8221; max_width=&#8221;800px&#8221; module_alignment=&#8221;center&#8221; custom_margin=&#8221;||0px|&#8221; custom_padding=&#8221;|||16px&#8221; text_font_size_tablet=&#8221;14px&#8221; text_font_size_last_edited=&#8221;off|desktop&#8221; header_font_size_tablet=&#8221;44px&#8221; header_font_size_phone=&#8221;32px&#8221; header_font_size_last_edited=&#8221;on|phone&#8221; global_colors_info=&#8221;{}&#8221;]<\/p>\n<h1>Milj\u00f6<\/h1>\n<p>[\/et_pb_text][et_pb_icon font_icon=&#8221;&#x37;||divi||400&#8243; url=&#8221;https:\/\/www.purgruppen.se\/index.php\/miljo\/#miljo&#8221; _builder_version=&#8221;4.23.1&#8243; _module_preset=&#8221;default&#8221; global_colors_info=&#8221;{}&#8221;][\/et_pb_icon][\/et_pb_column][\/et_pb_row][\/et_pb_section][et_pb_section fb_built=&#8221;1&#8243; _builder_version=&#8221;4.23.1&#8243; _module_preset=&#8221;default&#8221; global_colors_info=&#8221;{}&#8221;][et_pb_row module_id=&#8221;miljo&#8221; _builder_version=&#8221;4.23.1&#8243; _module_preset=&#8221;default&#8221; global_colors_info=&#8221;{}&#8221;][et_pb_column type=&#8221;4_4&#8243; _builder_version=&#8221;4.23.1&#8243; _module_preset=&#8221;default&#8221; global_colors_info=&#8221;{}&#8221;][et_pb_text _builder_version=&#8221;4.23.1&#8243; _module_preset=&#8221;default&#8221; text_font_size=&#8221;16px&#8221; text_line_height=&#8221;1.6em&#8221; header_2_font=&#8221;|800|||||||&#8221; header_2_text_color=&#8221;#6F7070&#8243; header_2_font_size=&#8221;39px&#8221; hover_enabled=&#8221;0&#8243; header_2_font_size_tablet=&#8221;39px&#8221; header_2_font_size_phone=&#8221;34px&#8221; header_2_font_size_last_edited=&#8221;on|phone&#8221; global_colors_info=&#8221;{}&#8221; sticky_enabled=&#8221;0&#8243;]<\/p>\n<h2>Milj\u00f6f\u00f6rdelar<\/h2>\n<p>Polyuretaner bidrar p\u00e5 flera s\u00e4tt till en h\u00e5llbar milj\u00f6. Goda isolationsegenskaper i t.ex byggmaterial f\u00f6rb\u00e4ttrar energieffektiviteten vilket minskar behovet av energi f\u00f6r uppv\u00e4rmning och kylning. Polyuretanens l\u00e5ga vikt bidrar \u00e4ven till f\u00f6rb\u00e4ttrad br\u00e4nsleeffektivitet i fordon. Vi medverkar p\u00e5 s\u00e5 vis sekund\u00e4rt till reducerad spridning av v\u00e4xthusgaser.<\/p>\n<p>I m\u00e5nga applikationer \u00e4r polyuretan dessutom det enda alternativet som klarar de tuffa krav som omgivningen kr\u00e4ver i form av exempelvis slitstyrka eller kemikaliebest\u00e4ndighet. Att v\u00e4lja ett material som h\u00e5ller l\u00e4nge \u00e4r ofta ett klokt milj\u00f6val.<\/p>\n<p>Ytterligare milj\u00f6f\u00f6rdelar \u00e4r att polyuretan g\u00e5r att \u00e5terbruka, det kan malas och sedan \u00e5teranv\u00e4ndas.<\/p>\n<p>Polyuretan \u00e4r dessutom en stor energik\u00e4lla vid f\u00f6rbr\u00e4nning.<\/p>\n<p>Materialets starka struktur g\u00f6r att produkter tillverkade i polyuretan har en l\u00e5ng livstid och beh\u00f6ver d\u00e4rf\u00f6rs s\u00e4llan ers\u00e4ttas. Dess struktur ger dock en komplexitet vid \u00e5tervinning och det finns m\u00e5nga p\u00e5g\u00e5ende projekt i branchen.<\/p>\n<p>[\/et_pb_text][\/et_pb_column][\/et_pb_row][\/et_pb_section]<\/p>\n","protected":false},"excerpt":{"rendered":"<p>Milj\u00f6Milj\u00f6f\u00f6rdelar Polyuretaner bidrar p\u00e5 flera s\u00e4tt till en h\u00e5llbar milj\u00f6. Goda isolationsegenskaper i t.ex byggmaterial f\u00f6rb\u00e4ttrar energieffektiviteten vilket minskar behovet av energi f\u00f6r uppv\u00e4rmning och kylning. Polyuretanens l\u00e5ga vikt bidrar \u00e4ven till f\u00f6rb\u00e4ttrad br\u00e4nsleeffektivitet i fordon. Vi medverkar p\u00e5 s\u00e5 vis sekund\u00e4rt till reducerad spridning av v\u00e4xthusgaser. I m\u00e5nga applikationer \u00e4r polyuretan dessutom det enda [&hellip;]<\/p>\n","protected":false},"author":4,"featured_media":0,"parent":0,"menu_order":0,"comment_status":"closed","ping_status":"closed","template":"","meta":{"_et_pb_use_builder":"on","_et_pb_old_content":"","_et_gb_content_width":"","footnotes":""},"class_list":["post-212","page","type-page","status-publish","hentry"],"_links":{"self":[{"href":"https:\/\/www.purgruppen.se\/index.php\/wp-json\/wp\/v2\/pages\/212","targetHints":{"allow":["GET"]}}],"collection":[{"href":"https:\/\/www.purgruppen.se\/index.php\/wp-json\/wp\/v2\/pages"}],"about":[{"href":"https:\/\/www.purgruppen.se\/index.php\/wp-json\/wp\/v2\/types\/page"}],"author":[{"embeddable":true,"href":"https:\/\/www.purgruppen.se\/index.php\/wp-json\/wp\/v2\/users\/4"}],"replies":[{"embeddable":true,"href":"https:\/\/www.purgruppen.se\/index.php\/wp-json\/wp\/v2\/comments?post=212"}],"version-history":[{"count":12,"href":"https:\/\/www.purgruppen.se\/index.php\/wp-json\/wp\/v2\/pages\/212\/revisions"}],"predecessor-version":[{"id":422,"href":"https:\/\/www.purgruppen.se\/index.php\/wp-json\/wp\/v2\/pages\/212\/revisions\/422"}],"wp:attachment":[{"href":"https:\/\/www.purgruppen.se\/index.php\/wp-json\/wp\/v2\/media?parent=212"}],"curies":[{"name":"wp","href":"https:\/\/api.w.org\/{rel}","templated":true}]}}